{"id":7,"date":"2010-05-17T20:35:11","date_gmt":"2010-05-17T18:35:11","guid":{"rendered":"http:\/\/www.zahnarztpraxis-klinge.de\/?page_id=7"},"modified":"2016-08-26T10:31:52","modified_gmt":"2016-08-26T08:31:52","slug":"praxis","status":"publish","type":"page","link":"https:\/\/www.zahnarztpraxis-klinge.de\/index.php\/praxis\/","title":{"rendered":"Praxis"},"content":{"rendered":"<p>Das Ziel unserer Praxis ist es, in Abh\u00e4ngikeit von den W\u00fcnschen und Erfordernissen unserer Patienten mit unserem Fachwissen und unseren Erfahrungen\u00a0eine qualitativ hochwertige zahn\u00e4rztliche Behandlung f\u00fcr die ganze Familie zu erbringen. Unser Praxiskonzept soll dazu beitragen, dass Sie Ihre Z\u00e4hne bis ins hohe Alter behalten. Wir vertreten eine Zahnheilkunde, die durch sinnvolle Prophylaxe der Zahnerhaltung, Funktionalit\u00e4t und \u00c4sthetik dient.<\/p>\n","protected":false},"excerpt":{"rendered":"<p>Das Ziel unserer Praxis ist es, in Abh\u00e4ngikeit von den W\u00fcnschen und Erfordernissen unserer Patienten mit unserem Fachwissen und unseren Erfahrungen\u00a0eine qualitativ hochwertige zahn\u00e4rztliche Behandlung f\u00fcr die ganze Familie zu <a class=\"more-link\" href=\"https:\/\/www.zahnarztpraxis-klinge.de\/index.php\/praxis\/\">weiterlesen&#8230;<\/a><\/p>\n","protected":false},"author":4,"featured_media":316,"parent":0,"menu_order":2,"comment_status":"closed","ping_status":"closed","template":"","meta":{"footnotes":""},"class_list":["post-7","page","type-page","status-publish","has-post-thumbnail","hentry"],"_links":{"self":[{"href":"https:\/\/www.zahnarztpraxis-klinge.de\/index.php\/wp-json\/wp\/v2\/pages\/7","targetHints":{"allow":["GET"]}}],"collection":[{"href":"https:\/\/www.zahnarztpraxis-klinge.de\/index.php\/wp-json\/wp\/v2\/pages"}],"about":[{"href":"https:\/\/www.zahnarztpraxis-klinge.de\/index.php\/wp-json\/wp\/v2\/types\/page"}],"author":[{"embeddable":true,"href":"https:\/\/www.zahnarztpraxis-klinge.de\/index.php\/wp-json\/wp\/v2\/users\/4"}],"replies":[{"embeddable":true,"href":"https:\/\/www.zahnarztpraxis-klinge.de\/index.php\/wp-json\/wp\/v2\/comments?post=7"}],"version-history":[{"count":38,"href":"https:\/\/www.zahnarztpraxis-klinge.de\/index.php\/wp-json\/wp\/v2\/pages\/7\/revisions"}],"predecessor-version":[{"id":422,"href":"https:\/\/www.zahnarztpraxis-klinge.de\/index.php\/wp-json\/wp\/v2\/pages\/7\/revisions\/422"}],"wp:featuredmedia":[{"embeddable":true,"href":"https:\/\/www.zahnarztpraxis-klinge.de\/index.php\/wp-json\/wp\/v2\/media\/316"}],"wp:attachment":[{"href":"https:\/\/www.zahnarztpraxis-klinge.de\/index.php\/wp-json\/wp\/v2\/media?parent=7"}],"curies":[{"name":"wp","href":"https:\/\/api.w.org\/{rel}","templated":true}]}}