{"id":26,"date":"2010-05-17T20:38:50","date_gmt":"2010-05-17T18:38:50","guid":{"rendered":"http:\/\/www.zahnarztpraxis-klinge.de\/?page_id=26"},"modified":"2016-11-02T11:19:10","modified_gmt":"2016-11-02T10:19:10","slug":"leistungen","status":"publish","type":"page","link":"https:\/\/www.zahnarztpraxis-klinge.de\/index.php\/leistungen\/","title":{"rendered":"Leistungen"},"content":{"rendered":"<p><strong>Das k\u00f6nnen wir f\u00fcr Sie tun:<\/strong><\/p>\n<ul>\n<li>Amalgamfreie F\u00fcllungstherapie<\/li>\n<li>Inlaytechniken aus Gold oder Keramik<\/li>\n<li>Professionelle Zahnreinigung<\/li>\n<li>Hochwertiger Zahnersatz, Zahnersatz auf Implantate<\/li>\n<li>Verbundschalen aus Keramik, Vollkeramikrestaurationen<\/li>\n<li>Chirurgische Behandlung zur Zahnerhaltung<\/li>\n<li>Behandlung von Zahnfleischerkrankungen<\/li>\n<li>Therapie von Kiefergelenksbeschwerden<\/li>\n<li>kosmetische Zahnkorrekturen<\/li>\n<li>Aufhellen der Z\u00e4hne durch Bleaching<\/li>\n<li>Aufkleben von Zahnschmuck<\/li>\n<\/ul>\n<p>Neben umfassender Beratung zur Zahngesundheit bieten wir auch Produkte zur Zahnpflege und Informationsmaterial an. Welche der unterschiedlichen Behandlungensm\u00f6glichkeiten f\u00fcr die L\u00f6sung Ihrer Probleme in Frage kommen, erfahren Sie am Besten in einem pers\u00f6nlichen Beratungsgespr\u00e4ch.<\/p>\n","protected":false},"excerpt":{"rendered":"<p>Das k\u00f6nnen wir f\u00fcr Sie tun: Amalgamfreie F\u00fcllungstherapie Inlaytechniken aus Gold oder Keramik Professionelle Zahnreinigung Hochwertiger Zahnersatz, Zahnersatz auf Implantate Verbundschalen aus Keramik, Vollkeramikrestaurationen Chirurgische Behandlung zur Zahnerhaltung Behandlung von <a class=\"more-link\" href=\"https:\/\/www.zahnarztpraxis-klinge.de\/index.php\/leistungen\/\">weiterlesen&#8230;<\/a><\/p>\n","protected":false},"author":4,"featured_media":0,"parent":0,"menu_order":3,"comment_status":"closed","ping_status":"closed","template":"","meta":{"footnotes":""},"class_list":["post-26","page","type-page","status-publish","hentry"],"_links":{"self":[{"href":"https:\/\/www.zahnarztpraxis-klinge.de\/index.php\/wp-json\/wp\/v2\/pages\/26","targetHints":{"allow":["GET"]}}],"collection":[{"href":"https:\/\/www.zahnarztpraxis-klinge.de\/index.php\/wp-json\/wp\/v2\/pages"}],"about":[{"href":"https:\/\/www.zahnarztpraxis-klinge.de\/index.php\/wp-json\/wp\/v2\/types\/page"}],"author":[{"embeddable":true,"href":"https:\/\/www.zahnarztpraxis-klinge.de\/index.php\/wp-json\/wp\/v2\/users\/4"}],"replies":[{"embeddable":true,"href":"https:\/\/www.zahnarztpraxis-klinge.de\/index.php\/wp-json\/wp\/v2\/comments?post=26"}],"version-history":[{"count":19,"href":"https:\/\/www.zahnarztpraxis-klinge.de\/index.php\/wp-json\/wp\/v2\/pages\/26\/revisions"}],"predecessor-version":[{"id":434,"href":"https:\/\/www.zahnarztpraxis-klinge.de\/index.php\/wp-json\/wp\/v2\/pages\/26\/revisions\/434"}],"wp:attachment":[{"href":"https:\/\/www.zahnarztpraxis-klinge.de\/index.php\/wp-json\/wp\/v2\/media?parent=26"}],"curies":[{"name":"wp","href":"https:\/\/api.w.org\/{rel}","templated":true}]}}