{"id":247,"date":"2010-07-27T07:53:00","date_gmt":"2010-07-27T05:53:00","guid":{"rendered":"http:\/\/www.zahnarztpraxis-klinge.de\/index.php\/"},"modified":"2023-05-30T19:39:26","modified_gmt":"2023-05-30T17:39:26","slug":"willkommen","status":"publish","type":"page","link":"https:\/\/www.zahnarztpraxis-klinge.de\/","title":{"rendered":"Herzlich willkommen"},"content":{"rendered":"<p>Willkommen in der Zahnarztpraxis Dipl. Stom. Ina Klinge in Kirchberg.<br \/>\nAuf den folgenden Seiten stellen wir Ihnen das Team und unser Behandlungsleistungen vor.\u00a0 \u00a0 \u00a0 \u00a0 \u00a0 Wir hoffen, dass Sie die Informationen finden, die f\u00fcr Sie von Interesse sind.<br \/>\nWir sehen uns als Partner f\u00fcr Ihr strahlendes L\u00e4cheln und sind gerne f\u00fcr Sie da.<\/p>\n<p style=\"text-align: center;\">\n<p><span style=\"color: #0000ff;\"><span style=\"color: #800080;\">\u00a0 \u00a0 \u00a0 \u00a0 \u00a0 \u00a0 \u00a0 \u00a0 \u00a0 \u00a0 \u00a0 \u00a0 \u00a0 \u00a0 \u00a0 \u00a0 \u00a0 \u00a0 \u00a0 \u00a0 \u00a0 \u00a0 \u00a0 \u00a0 \u00a0 \u00a0 \u00a0 \u00a0 \u00a0 \u00a0\u00a0<\/span> \u00a0 \u00a0 \u00a0 \u00a0 \u00a0 \u00a0 \u00a0<\/span><\/p>\n<p>&nbsp;<\/p>\n<p>Ihre Ina Klinge<\/p>\n<p>&nbsp;<\/p>\n<p>&nbsp;<\/p>\n<p>&nbsp;<\/p>\n<p>&nbsp;<\/p>\n<p>&nbsp;<\/p>\n","protected":false},"excerpt":{"rendered":"<p>Willkommen in der Zahnarztpraxis Dipl. Stom. Ina Klinge in Kirchberg. Auf den folgenden Seiten stellen wir Ihnen das Team und unser Behandlungsleistungen vor.\u00a0 \u00a0 \u00a0 \u00a0 \u00a0 Wir hoffen, dass <a class=\"more-link\" href=\"https:\/\/www.zahnarztpraxis-klinge.de\/\">weiterlesen&#8230;<\/a><\/p>\n","protected":false},"author":4,"featured_media":0,"parent":0,"menu_order":0,"comment_status":"closed","ping_status":"closed","template":"","meta":{"footnotes":""},"class_list":["post-247","page","type-page","status-publish","hentry"],"_links":{"self":[{"href":"https:\/\/www.zahnarztpraxis-klinge.de\/index.php\/wp-json\/wp\/v2\/pages\/247","targetHints":{"allow":["GET"]}}],"collection":[{"href":"https:\/\/www.zahnarztpraxis-klinge.de\/index.php\/wp-json\/wp\/v2\/pages"}],"about":[{"href":"https:\/\/www.zahnarztpraxis-klinge.de\/index.php\/wp-json\/wp\/v2\/types\/page"}],"author":[{"embeddable":true,"href":"https:\/\/www.zahnarztpraxis-klinge.de\/index.php\/wp-json\/wp\/v2\/users\/4"}],"replies":[{"embeddable":true,"href":"https:\/\/www.zahnarztpraxis-klinge.de\/index.php\/wp-json\/wp\/v2\/comments?post=247"}],"version-history":[{"count":35,"href":"https:\/\/www.zahnarztpraxis-klinge.de\/index.php\/wp-json\/wp\/v2\/pages\/247\/revisions"}],"predecessor-version":[{"id":472,"href":"https:\/\/www.zahnarztpraxis-klinge.de\/index.php\/wp-json\/wp\/v2\/pages\/247\/revisions\/472"}],"wp:attachment":[{"href":"https:\/\/www.zahnarztpraxis-klinge.de\/index.php\/wp-json\/wp\/v2\/media?parent=247"}],"curies":[{"name":"wp","href":"https:\/\/api.w.org\/{rel}","templated":true}]}}