{"id":17,"date":"2010-05-17T20:36:59","date_gmt":"2010-05-17T18:36:59","guid":{"rendered":"http:\/\/www.zahnarztpraxis-klinge.de\/?page_id=17"},"modified":"2016-08-22T14:43:30","modified_gmt":"2016-08-22T12:43:30","slug":"impressum","status":"publish","type":"page","link":"https:\/\/www.zahnarztpraxis-klinge.de\/index.php\/kontakt\/impressum\/","title":{"rendered":"Impressum"},"content":{"rendered":"<p>Angaben gem\u00e4\u00df \u00a7 5 TMG<\/p>\n<p><strong>Herausgeber<\/strong><\/p>\n<p><strong>Zahnarztpraxis<br \/>\nDipl.-Stom. Ina Klinge<\/strong><br \/>\nLengenfelder Stra\u00dfe 12<br \/>\n08107 Kirchberg<\/p>\n<p>Kontakt:<br \/>\nTelefon 03 76 02 \/ 6 45 10<br \/>\nTelefax 03 76 02 \/ 1 84 12<br \/>\ninfo [at] zahnarztpraxis-klinge.de<\/p>\n<p><strong>Kammer\/ Aufsichtsbeh\u00f6rden<\/strong><br \/>\nLandeszahn\u00e4rztekammer Sachsen<br \/>\nSch\u00fctzenh\u00f6he 11<br \/>\n01099 Dresden<br \/>\nInternet: <a href=\"http:\/\/www.zaek-sa.de\">www.zahnaerzte-in-sachsen.de<\/a><\/p>\n<p><strong>Berufsbezeichnung<\/strong><br \/>\nDipl.-Stomat. Ina Klinge<br \/>\nFachzahn\u00e4rztin f\u00fcr Kinderstomatologie<\/p>\n<p><strong>Berufsrechtliche Regelungen<\/strong><br \/>\nHeilberufekammergesetz des Landes Sachsen<br \/>\nBerufsordnung der Landeszahn\u00e4rztekammer Sachsen<br \/>\nWeiterbildungsordnung der Landeszahn\u00e4rztekammer Sachsen<br \/>\nberufsrechtliche Regelungen finden Sie auf der Homepage der Zahn\u00e4rztekammer Sachsen unter dem Punkt \u201eZahn\u00e4rzte\u201c und der Rubrik \u201eRechtsgrundlagen\u201c.<\/p>\n<p><strong>Rechtsform<br \/>\n<\/strong>Einzelpraxis<\/p>\n<p><strong>Haftungsausschlu\u00df<br \/>\n<\/strong>Die Internetseite dient nur der unverbindlichen allgemeinen Information. Es wird keine zahn\u00e4rztliche Beratung vorgenommen. Der Herausgeber \u00fcbernimmt keine Gew\u00e4hr f\u00fcr die Aktualit\u00e4t, die Richtigkeit und Vollst\u00e4ndigkeit der Informationen auf dieser Seite. F\u00fcr alle auf der Homepage angebrachten Links erkl\u00e4re ich, dass ich keinerlei Einfluss auf die Gestaltung und Inhalte der verlinkten Seiten habe und dass ich keinerlei Haftung f\u00fcr Sch\u00e4den, die aus der Nutzung dieser Inhalte Dritter entstehen, \u00fcbernehme.<\/p>\n<p>&nbsp;<\/p>\n","protected":false},"excerpt":{"rendered":"<p>Angaben gem\u00e4\u00df \u00a7 5 TMG Herausgeber Zahnarztpraxis Dipl.-Stom. Ina Klinge Lengenfelder Stra\u00dfe 12 08107 Kirchberg Kontakt: Telefon 03 76 02 \/ 6 45 10 Telefax 03 76 02 \/ 1 <a class=\"more-link\" href=\"https:\/\/www.zahnarztpraxis-klinge.de\/index.php\/kontakt\/impressum\/\">weiterlesen&#8230;<\/a><\/p>\n","protected":false},"author":4,"featured_media":0,"parent":12,"menu_order":3,"comment_status":"closed","ping_status":"closed","template":"","meta":{"footnotes":""},"class_list":["post-17","page","type-page","status-publish","hentry"],"_links":{"self":[{"href":"https:\/\/www.zahnarztpraxis-klinge.de\/index.php\/wp-json\/wp\/v2\/pages\/17","targetHints":{"allow":["GET"]}}],"collection":[{"href":"https:\/\/www.zahnarztpraxis-klinge.de\/index.php\/wp-json\/wp\/v2\/pages"}],"about":[{"href":"https:\/\/www.zahnarztpraxis-klinge.de\/index.php\/wp-json\/wp\/v2\/types\/page"}],"author":[{"embeddable":true,"href":"https:\/\/www.zahnarztpraxis-klinge.de\/index.php\/wp-json\/wp\/v2\/users\/4"}],"replies":[{"embeddable":true,"href":"https:\/\/www.zahnarztpraxis-klinge.de\/index.php\/wp-json\/wp\/v2\/comments?post=17"}],"version-history":[{"count":21,"href":"https:\/\/www.zahnarztpraxis-klinge.de\/index.php\/wp-json\/wp\/v2\/pages\/17\/revisions"}],"predecessor-version":[{"id":408,"href":"https:\/\/www.zahnarztpraxis-klinge.de\/index.php\/wp-json\/wp\/v2\/pages\/17\/revisions\/408"}],"up":[{"embeddable":true,"href":"https:\/\/www.zahnarztpraxis-klinge.de\/index.php\/wp-json\/wp\/v2\/pages\/12"}],"wp:attachment":[{"href":"https:\/\/www.zahnarztpraxis-klinge.de\/index.php\/wp-json\/wp\/v2\/media?parent=17"}],"curies":[{"name":"wp","href":"https:\/\/api.w.org\/{rel}","templated":true}]}}