{"id":10,"date":"2010-05-17T20:35:46","date_gmt":"2010-05-17T18:35:46","guid":{"rendered":"http:\/\/www.zahnarztpraxis-klinge.de\/?page_id=10"},"modified":"2016-11-02T11:57:21","modified_gmt":"2016-11-02T10:57:21","slug":"kooperationen","status":"publish","type":"page","link":"https:\/\/www.zahnarztpraxis-klinge.de\/index.php\/kooperationen\/","title":{"rendered":"Kooperationen"},"content":{"rendered":"<p>&nbsp;<\/p>\n<p><strong>Gemeinsam sind wir stark.<\/strong><\/p>\n<p>Wir blicken auf eine langj\u00e4hrige Zusammenarbeit mit deutschen zahntechnischen Meisterbetrieben zur\u00fcck (<a title=\"www.dentallabor-lexmann.de\" href=\"http:\/\/www.dentallabor-lexmann.de\" target=\"_blank\">www.dentallabor-lexmann.de<\/a>, <a href=\"http:\/\/www.dentallabor-gruettner.de\">www.dentallabor-gruettner.de<\/a>).<br \/>\nBei Bedarf k\u00f6nnen zahntechnische Details der Behandlung oder unterschiedliche prothetische L\u00f6sungsm\u00f6glichkeiten pers\u00f6nlich mit einem kompetenten Zahntechniker in der Praxis er\u00f6rtert werden. Wenn der Umfang der Behandlungsnotwendigkeit unsere Fachkompetenz \u00fcberschreitet, \u00fcberweisen wir unsere Patienten in entsprechend spezialisierte Praxen (<a href=\"http:\/\/www.implantologiezwickau.de\">www.implantologiezwickau.de<\/a>).<\/p>\n","protected":false},"excerpt":{"rendered":"<p>&nbsp; Gemeinsam sind wir stark. Wir blicken auf eine langj\u00e4hrige Zusammenarbeit mit deutschen zahntechnischen Meisterbetrieben zur\u00fcck (www.dentallabor-lexmann.de, www.dentallabor-gruettner.de). Bei Bedarf k\u00f6nnen zahntechnische Details der Behandlung oder unterschiedliche prothetische L\u00f6sungsm\u00f6glichkeiten pers\u00f6nlich <a class=\"more-link\" href=\"https:\/\/www.zahnarztpraxis-klinge.de\/index.php\/kooperationen\/\">weiterlesen&#8230;<\/a><\/p>\n","protected":false},"author":4,"featured_media":436,"parent":0,"menu_order":4,"comment_status":"closed","ping_status":"closed","template":"","meta":{"footnotes":""},"class_list":["post-10","page","type-page","status-publish","has-post-thumbnail","hentry"],"_links":{"self":[{"href":"https:\/\/www.zahnarztpraxis-klinge.de\/index.php\/wp-json\/wp\/v2\/pages\/10","targetHints":{"allow":["GET"]}}],"collection":[{"href":"https:\/\/www.zahnarztpraxis-klinge.de\/index.php\/wp-json\/wp\/v2\/pages"}],"about":[{"href":"https:\/\/www.zahnarztpraxis-klinge.de\/index.php\/wp-json\/wp\/v2\/types\/page"}],"author":[{"embeddable":true,"href":"https:\/\/www.zahnarztpraxis-klinge.de\/index.php\/wp-json\/wp\/v2\/users\/4"}],"replies":[{"embeddable":true,"href":"https:\/\/www.zahnarztpraxis-klinge.de\/index.php\/wp-json\/wp\/v2\/comments?post=10"}],"version-history":[{"count":40,"href":"https:\/\/www.zahnarztpraxis-klinge.de\/index.php\/wp-json\/wp\/v2\/pages\/10\/revisions"}],"predecessor-version":[{"id":439,"href":"https:\/\/www.zahnarztpraxis-klinge.de\/index.php\/wp-json\/wp\/v2\/pages\/10\/revisions\/439"}],"wp:featuredmedia":[{"embeddable":true,"href":"https:\/\/www.zahnarztpraxis-klinge.de\/index.php\/wp-json\/wp\/v2\/media\/436"}],"wp:attachment":[{"href":"https:\/\/www.zahnarztpraxis-klinge.de\/index.php\/wp-json\/wp\/v2\/media?parent=10"}],"curies":[{"name":"wp","href":"https:\/\/api.w.org\/{rel}","templated":true}]}}